{"id":3397,"date":"2021-10-21T15:36:05","date_gmt":"2021-10-21T13:36:05","guid":{"rendered":"http:\/\/fanti.pl\/?page_id=3397"},"modified":"2025-01-23T13:50:03","modified_gmt":"2025-01-23T12:50:03","slug":"start","status":"publish","type":"page","link":"http:\/\/fanti.pl\/","title":{"rendered":"Start"},"content":{"rendered":"\n<div class='flex_column av-15a9ph-03e769c58de564d7fef553c47358e298 av_one_full  avia-builder-el-1  el_after_av_codeblock  el_before_av_one_half  first flex_column_div '   ><p>\n<style type=\"text\/css\" data-created_by=\"avia_inline_auto\" id=\"style-css-av-lqbj9et6-5c6c57cdaa820894adced1ada968f50d\">\n#top .av-special-heading.av-lqbj9et6-5c6c57cdaa820894adced1ada968f50d{\npadding-bottom:10px;\n}\n<\/style>\n<div  class='av-special-heading av-lqbj9et6-5c6c57cdaa820894adced1ada968f50d av-special-heading-h3  avia-builder-el-2  el_before_av_textblock  avia-builder-el-first  '><h3 class='av-special-heading-tag '  itemprop=\"headline\"  >Nasze produkty<\/h3><div class='special-heading-border'><div class='special-heading-inner-border'><\/div><\/div><\/div><br \/>\n<section class=\"av_textblock_section \"  itemscope=\"itemscope\" itemtype=\"https:\/\/schema.org\/CreativeWork\" ><div class='avia_textblock  '   itemprop=\"text\" ><p>Zajmujemy si\u0119 projektowaniem urz\u0105dze\u0144 i system\u00f3w IoT (Internet rzeczy). Oferujemy us\u0142ugi programistyczne, projektowe i wdro\u017ceniowe. Dzi\u0119ki \u015bcis\u0142ej wsp\u00f3\u0142pracy z firmami produkcyjnymi jeste\u015bmy w stanie zaoferowa\u0107 kompletne produkty.\u00a0 Zapraszamy do wsp\u00f3\u0142pracy na r\u00f3\u017cnych etapach projekt\u00f3w.<\/p>\n<\/div><\/section><\/p><\/div>\n<div class='flex_column av-71pimt-93537946376413934da9cf9f2a34575f av_one_half  avia-builder-el-4  el_after_av_one_full  el_before_av_one_half  first flex_column_div column-top-margin'   ><style type=\"text\/css\" data-created_by=\"avia_inline_auto\" id=\"style-css-av-kvmbg1qe-c01451b49a7c3bd72161ac8157bee77f\">\n.avia-image-container.av-kvmbg1qe-c01451b49a7c3bd72161ac8157bee77f .av-caption-image-overlay-bg{\nopacity:0.4;\n}\n.avia-image-container.av-kvmbg1qe-c01451b49a7c3bd72161ac8157bee77f .av-image-caption-overlay-center{\ncolor:#ffffff;\nfont-size:28px;\n}\n<\/style>\n<div  class='avia-image-container av-kvmbg1qe-c01451b49a7c3bd72161ac8157bee77f av-styling- av-hover-grow av-hide-overflow avia-align-center  avia-builder-el-5  avia-builder-el-no-sibling  noHover av-overlay-on-hover '  itemprop=\"image\" itemscope=\"itemscope\" itemtype=\"https:\/\/schema.org\/ImageObject\" ><div class=\"avia-image-container-inner\"><div class=\"avia-image-overlay-wrap\"><a href=\"http:\/\/fanti.pl\/?page_id=3420\" class='avia_image' ><div class=\"av-image-caption-overlay\"><div class=\"av-caption-image-overlay-bg\"><\/div><div class=\"av-image-caption-overlay-position\"><div class=\"av-image-caption-overlay-center\"><p>Odbioromaty<\/p>\n<\/div><\/div><\/div><img fetchpriority=\"high\" fetchpriority=\"high\" decoding=\"async\" width=\"1030\" height=\"343\" class='wp-image-3414 avia-img-lazy-loading-3414 avia_image' src=\"http:\/\/fanti.pl\/wp-content\/uploads\/2021\/10\/Odbioromaty-kolory-1030x343.jpg\" alt='odbioromat' title='Automat paczkowy'  itemprop=\"thumbnailUrl\" srcset=\"http:\/\/fanti.pl\/wp-content\/uploads\/2021\/10\/Odbioromaty-kolory-1030x343.jpg 1030w, http:\/\/fanti.pl\/wp-content\/uploads\/2021\/10\/Odbioromaty-kolory-600x200.jpg 600w, http:\/\/fanti.pl\/wp-content\/uploads\/2021\/10\/Odbioromaty-kolory-300x100.jpg 300w, http:\/\/fanti.pl\/wp-content\/uploads\/2021\/10\/Odbioromaty-kolory-768x256.jpg 768w, http:\/\/fanti.pl\/wp-content\/uploads\/2021\/10\/Odbioromaty-kolory-705x235.jpg 705w, http:\/\/fanti.pl\/wp-content\/uploads\/2021\/10\/Odbioromaty-kolory.jpg 1200w\" sizes=\"(max-width: 1030px) 100vw, 1030px\" \/><\/a><\/div><\/div><\/div><\/div>\n<div class='flex_column av-96unhh-3e3d4474715b2857c7b861205fcf149d av_one_half  avia-builder-el-6  el_after_av_one_half  el_before_av_one_half  flex_column_div column-top-margin'   ><style type=\"text\/css\" data-created_by=\"avia_inline_auto\" id=\"style-css-av-kvmbfemv-22239e5ac42ac5ef40a15142050c5f4a\">\n.avia-image-container.av-kvmbfemv-22239e5ac42ac5ef40a15142050c5f4a .av-caption-image-overlay-bg{\nopacity:0.2;\n}\n.avia-image-container.av-kvmbfemv-22239e5ac42ac5ef40a15142050c5f4a .av-image-caption-overlay-center{\ncolor:#ffffff;\nfont-size:28px;\n}\n<\/style>\n<div  class='avia-image-container av-kvmbfemv-22239e5ac42ac5ef40a15142050c5f4a av-styling- av-hover-grow av-hide-overflow avia-align-center  avia-builder-el-7  avia-builder-el-no-sibling  noHover av-overlay-on-hover '  itemprop=\"image\" itemscope=\"itemscope\" itemtype=\"https:\/\/schema.org\/ImageObject\" ><div class=\"avia-image-container-inner\"><div class=\"avia-image-overlay-wrap\"><a href=\"http:\/\/fanti.pl\/?page_id=3514\" class='avia_image' ><div class=\"av-image-caption-overlay\"><div class=\"av-caption-image-overlay-bg\"><\/div><div class=\"av-image-caption-overlay-position\"><div class=\"av-image-caption-overlay-center\"><p>Booking Lock<\/p>\n<\/div><\/div><\/div><img decoding=\"async\" width=\"1030\" height=\"343\" class='wp-image-3411 avia-img-lazy-loading-not-3411 avia_image' src=\"http:\/\/fanti.pl\/wp-content\/uploads\/2021\/10\/obraz_2021-10-21_201726-1030x343.png\" alt='' title='obraz_2021-10-21_201726'  itemprop=\"thumbnailUrl\" srcset=\"http:\/\/fanti.pl\/wp-content\/uploads\/2021\/10\/obraz_2021-10-21_201726-1030x343.png 1030w, http:\/\/fanti.pl\/wp-content\/uploads\/2021\/10\/obraz_2021-10-21_201726-600x200.png 600w, http:\/\/fanti.pl\/wp-content\/uploads\/2021\/10\/obraz_2021-10-21_201726-300x100.png 300w, http:\/\/fanti.pl\/wp-content\/uploads\/2021\/10\/obraz_2021-10-21_201726-768x256.png 768w, http:\/\/fanti.pl\/wp-content\/uploads\/2021\/10\/obraz_2021-10-21_201726-705x235.png 705w, http:\/\/fanti.pl\/wp-content\/uploads\/2021\/10\/obraz_2021-10-21_201726.png 1200w\" sizes=\"(max-width: 1030px) 100vw, 1030px\" \/><\/a><\/div><\/div><\/div><\/div>\n\n<style type=\"text\/css\" data-created_by=\"avia_inline_auto\" id=\"style-css-av-59amp1-e10729af6e13f084a03860681344cbe9\">\n#top .flex_column.av-59amp1-e10729af6e13f084a03860681344cbe9{\nmargin-top:0px;\nmargin-bottom:0px;\n}\n.responsive #top #wrap_all .flex_column.av-59amp1-e10729af6e13f084a03860681344cbe9{\nmargin-top:0px;\nmargin-bottom:0px;\n}\n<\/style>\n<div class='flex_column av-59amp1-e10729af6e13f084a03860681344cbe9 av_one_half  avia-builder-el-8  el_after_av_one_half  avia-builder-el-last  first flex_column_div column-top-margin'   ><style type=\"text\/css\" data-created_by=\"avia_inline_auto\" id=\"style-css-av-m2lxx5i6-b0c78270d810514dc26f4c356429ec53\">\n.avia-image-container.av-m2lxx5i6-b0c78270d810514dc26f4c356429ec53 .av-caption-image-overlay-bg{\nopacity:0.2;\n}\n.avia-image-container.av-m2lxx5i6-b0c78270d810514dc26f4c356429ec53 .av-image-caption-overlay-center{\ncolor:#ffffff;\nfont-size:28px;\n}\n<\/style>\n<div  class='avia-image-container av-m2lxx5i6-b0c78270d810514dc26f4c356429ec53 av-styling- av-hover-grow av-hide-overflow avia-align-center  avia-builder-el-9  avia-builder-el-no-sibling  noHover av-overlay-on-hover '  itemprop=\"image\" itemscope=\"itemscope\" itemtype=\"https:\/\/schema.org\/ImageObject\" ><div class=\"avia-image-container-inner\"><div class=\"avia-image-overlay-wrap\"><a href=\"http:\/\/kominiarz.pl\" class='avia_image' ><div class=\"av-image-caption-overlay\"><div class=\"av-caption-image-overlay-bg\"><\/div><div class=\"av-image-caption-overlay-position\"><div class=\"av-image-caption-overlay-center\"><p>Program kominiarz<\/p>\n<\/div><\/div><\/div><img decoding=\"async\" width=\"696\" height=\"462\" class='wp-image-5132 avia-img-lazy-loading-not-5132 avia_image' src=\"http:\/\/fanti.pl\/wp-content\/uploads\/2024\/10\/wooden-bench-1957160_1920-696x462-1.jpg\" alt='Program do rysunk\u00f3w kominiarskich' title='Program Kominiarz'  itemprop=\"thumbnailUrl\" srcset=\"http:\/\/fanti.pl\/wp-content\/uploads\/2024\/10\/wooden-bench-1957160_1920-696x462-1.jpg 696w, http:\/\/fanti.pl\/wp-content\/uploads\/2024\/10\/wooden-bench-1957160_1920-696x462-1-300x199.jpg 300w, http:\/\/fanti.pl\/wp-content\/uploads\/2024\/10\/wooden-bench-1957160_1920-696x462-1-600x398.jpg 600w\" sizes=\"(max-width: 696px) 100vw, 696px\" \/><\/a><\/div><\/div><\/div><\/div>\n","protected":false},"excerpt":{"rendered":"<p>This is a Page excerpt. It will be displayed for search results<\/p>\n","protected":false},"author":1,"featured_media":0,"parent":0,"menu_order":0,"comment_status":"open","ping_status":"open","template":"","meta":{"footnotes":""},"class_list":["post-3397","page","type-page","status-publish","hentry"],"jetpack_sharing_enabled":true,"_links":{"self":[{"href":"http:\/\/fanti.pl\/index.php?rest_route=\/wp\/v2\/pages\/3397","targetHints":{"allow":["GET"]}}],"collection":[{"href":"http:\/\/fanti.pl\/index.php?rest_route=\/wp\/v2\/pages"}],"about":[{"href":"http:\/\/fanti.pl\/index.php?rest_route=\/wp\/v2\/types\/page"}],"author":[{"embeddable":true,"href":"http:\/\/fanti.pl\/index.php?rest_route=\/wp\/v2\/users\/1"}],"replies":[{"embeddable":true,"href":"http:\/\/fanti.pl\/index.php?rest_route=%2Fwp%2Fv2%2Fcomments&post=3397"}],"version-history":[{"count":74,"href":"http:\/\/fanti.pl\/index.php?rest_route=\/wp\/v2\/pages\/3397\/revisions"}],"predecessor-version":[{"id":5146,"href":"http:\/\/fanti.pl\/index.php?rest_route=\/wp\/v2\/pages\/3397\/revisions\/5146"}],"wp:attachment":[{"href":"http:\/\/fanti.pl\/index.php?rest_route=%2Fwp%2Fv2%2Fmedia&parent=3397"}],"curies":[{"name":"wp","href":"https:\/\/api.w.org\/{rel}","templated":true}]}}